{"id":53,"date":"2009-03-22T00:35:00","date_gmt":"2009-03-22T00:35:00","guid":{"rendered":"http:\/\/betouched.archertc.com\/?page_id=53"},"modified":"2025-01-12T11:53:12","modified_gmt":"2025-01-12T10:53:12","slug":"friends","status":"publish","type":"page","link":"https:\/\/www.be-touched.de\/en\/friends\/","title":{"rendered":"Friends"},"content":{"rendered":"\n<p>Feedback by people who enjoyed one or several massages by me.<\/p>\n\n\n\n<h2 class=\"wp-block-heading\">in English<\/h2>\n\n\n\n<p>Ashema is amazing. She is the most skilled and caring somatic therapist I have ever worked with. I want to her with pain in my neck and shoulders that had persisted for months despite visits to an acupuncturist, a chiropractor, and three different massage therapists. After three sessions with Ashema, it was gone. From there we went on to deeper work on embodied traumas, and these were among the most intense and transformative experiences I have had with any form of therapy. Ashema has an extensive range of approaches and skills at her disposal. She put these into practice in ways that were always responsive to my needs and capacity for therapeutic work at each session, listening to my words and emotional state as well as my body. After the sessions, she was available to talk with me about my experience to help me understand and integrate the work we did. And she always made sure I was ready to go out into the world and was able to get myself home before I left her office. Ashema is a deeply caring person who approaches her work as a calling. She is a true healer. &#8211; anonymous<\/p>\n\n\n\n<p>Ashema opened my eyes and gave me a safe place to ask questions about myself, questions which I had only ever thought about and never thought that anyone would care. Her process is compassionate, kind and equitable. She truly helped me to look within myself and analyse the foundational causes of my struggles and showed me a way out. &#8211; anonymous<\/p>\n\n\n\n<p>I just wanted to thank you for the great massage session. I had never had an Eselen style massage before, so am pretty impressed! I hope it&#8217;s okay that I have passed along your name to a few friends to whom I have spoken about it. Also English speakers. \ud83d\ude42 I also look forward to the next! &#8211; <span style=\"color: #000000;\">Tammi C.<\/span><\/p>\n\n\n\n<p><\/p>\n\n\n\n<p>I recently had an excellent massage by Ashema. I can strongly recommend her services. &#8211; <span style=\"color: #000000;\">Paul<\/span><\/p>\n\n\n\n<p>At first i did not know how a massage was and why people like to get massages. After the 90 minutes super massage by Ashema I can really understand why people like it so much. it is great having time for yourself, for your body and for your soul. strongly recommanded! &#8211; <span style=\"color: #000000;\">Elenia D.<\/span><\/p>\n\n\n\n<h2 class=\"wp-block-heading\">in German<\/h2>\n\n\n<div class=\"wp-block-image\">\n<figure class=\"alignright is-resized\"><img fetchpriority=\"high\" decoding=\"async\" width=\"490\" height=\"576\" src=\"http:\/\/www.be-touched.de\/wp-content\/uploads\/beckley_ashema11.jpg\" alt=\"\" class=\"wp-image-2233\" style=\"width:368px;height:432px\"\/><\/figure><\/div>\n\n\n<p>Es ist einfach wundervoll, wenn man die Gelegenheit hat sich 90 Minuten&nbsp;lang ein so gro\u00dfartiges Geschenk machen zu k\u00f6nnen! Ich f\u00fchlte mich nach&nbsp;der Esalen-Massage sooo entspannt, dass ich am liebsten nicht mehr von der&nbsp;Liege aufgestanden w\u00e4re. &#8211; <span style=\"color: #000000;\">Carmen<\/span><\/p>\n\n\n\n<p>Eine Massage von Ashema: wohltuend&#8230; voll entspannend&#8230;. sich fallen lassen&#8230;.Vertrauen&#8230;..wieder im eigenen K\u00f6rper ankommen&#8230;.. sp\u00fcren, wo man sich gut im K\u00f6rper f\u00fchlt und was man braucht&#8230;&#8230;einfach wunderbar&#8230;&#8230;..man will gleich mehr davon!!! &#8211; <span style=\"color: #000000;\">Angela<\/span><\/p>\n\n\n\n<p>Fuer mich, von Ashema massiert zu werden, hat eine besondere Bedeutung. Am Anfang dachte ich, dass es wie viele andere Massagen w\u00e4re..angenehm und entspannend. Jetzt denke ich anders, weil die Erfahrung massiert zu werden nicht nur eine k\u00f6rperliche Erfahrung ist, sondern eine intensive Auseinandersetzung mit mir, mit meinen inneren R\u00e4umen, mit meiner Seele. Diese Art von Massage zeigt mir immer wo ich bin und was in mir kocht, auch wenn ich es nicht anschauen will. Esalen Massage ist ein Weg zu sich selber..das habe ich richtig erfahren!!! &#8211; <span style=\"color: #000000;\">Giovanna<\/span><\/p>\n\n\n\n<p>Es war sehr angenehm, zu Beginn der Massage die W\u00e4rme und Energie Deiner H\u00e4nde wahrzunehmen, ohne dass Du meinen K\u00f6rper ber\u00fchrt hast. Und als Du ihn dann ber\u00fchrt hast, war die Ber\u00fchrung eine stimmige Mischung aus Zartheit und Festigkeit. Kein Abbruch der Verbindlichkeit, so dass ich mich wohl und sicher f\u00fchlte, um in eine andere und doch meine Welt ein zu tauchen. &#8211; <span style=\"color: #000000;\">anonymous<\/span><\/p>\n\n\n\n<p>Ich empfinde die Esalen-Massage jedes mal als 90 Minuten Genuss pur. Es ist wunderbar wohltuend und entspannend f\u00fcr K\u00f6rper und Geist, und ich bin hinterher immer viel ausgeglichener. &#8211; <span style=\"color: #000000;\">Michaela<\/span><\/p>\n\n\n\n<p>Die Idee mit der Paar-Massage hat uns super gefallen. Sich bewu\u00dft Zeit zu nehmen und gegenseitig was gutes tun und noch was \u00fcber Massage lernen. Und dann das einmalige Erlebnis, von 4 H\u00e4nden gleichzeitig massiert zu werden, da kann der Kopf richtig abschalten. Wir werden das wiederholen! &#8211; <span style=\"color: #000000;\">Sabine und Karl<\/span><\/p>\n\n\n\n<p>In unserer jetzigen, modernen Gesellschaft, in der die neue aber auch zugleich kalte, digitale &#8220;Touch&#8221;-Technologie (z.B.: Smartphpone &#8220;Touch-Display&#8221;) immer mehr an Bedeutung gewinnt und die Zukunft bestimmt, war es sehr sch\u00f6n bei Dir wieder zu dem eigentlichen Ursprung dieses Begriffes zur\u00fcckzukehren und &#8220;Ber\u00fchrungen&#8221; &#8230;in ihrer reinen Form zu erfahren und genie\u00dfen. Vielen Dank. &#8211; <span style=\"color: #000000;\">Fernando<\/span><\/p>\n\n\n\n<p>Ich komme nun schon so lange zu dir und m\u00f6chte mich auch auf diesem Wege noch mal ganz herzlich f\u00fcr deine tolle &#8220;Arbeit&#8221; bedanken die du jedes mal leistest! Vorletztes mal hatte ich in der Massage das Gef\u00fchl mein K\u00f6rper sei ganz &#8220;krumm und schief&#8221; und zum Ende f\u00fchlte ich ich mich energetisch und k\u00f6rperlich ganz klar und aufgerichtet. Und gestern habe ich so genau gesp\u00fcrt wie sich nicht nur die Muskeln, sondern auch der &#8220;innere Raum&#8221; entspannt und weitet, vor allem immer wieder auch im Augenbereich. Und ich sp\u00fcrte einntensives Str\u00f6men im ganzen K\u00f6rper.<\/p>\n\n\n\n<p>Es ist nicht nur pure k\u00f6rperliche Entspannung in deiner Massage, sondern auch immer wieder eine Reise nach innen, zu mir selbst!<\/p>\n\n\n\n<p>Vielen Dank daf\u00fcr! &#8211; <span style=\"color: #000000;\">Marion<\/span><\/p>\n\n\n\n<p>Feedback f\u00fcr Ashema &#8211; <strong>Somatic Integration<\/strong><\/p>\n\n\n<div class=\"wp-block-image\">\n<figure class=\"alignright is-resized\"><img decoding=\"async\" width=\"576\" height=\"533\" src=\"http:\/\/www.be-touched.de\/wp-content\/uploads\/beckley_ashema8.jpg\" alt=\"\" class=\"wp-image-2239\" style=\"width:288px;height:267px\"\/><\/figure><\/div>\n\n\n<p>Die Erfahrung, von Ashema mit SI behandelt zu werden, ist gro\u00dfartig und erstaunlich! Sie bef\u00e4higt mich, meinen K\u00f6rper mehr und mehr &#8220;von innen kennen zu lernen&#8221;, seine muskul\u00e4ren und kn\u00f6chernen Strukturen, seine Blockierungen und Schmerzen sowie seine F\u00e4higkeit, sich wohlig zu \u00fcberlassen und sich manchmal sogar in den Schmerz hinein entspannen zu k\u00f6nnen. \u00dcber die tiefen, langsamen Ber\u00fchrungen ersp\u00fcrte ich beispielsweise, dass in meinem unteren R\u00fccken Angst und Bedrohung wohn(t)en und dass in meinen F\u00fc\u00dfen \u00fcberraschender Weise kindliche Freude und \u00dcbermut zuhause sind. Bei der Arbeit an meinem Bauch erlebte ich ein &#8220;ozeanisches Gef\u00fchl&#8221; uralter tiefer Verbundenheit und Geborgenheit, das mich sehr ber\u00fchrte. Oftmals steigen &#8211; erweckt durch Ashemas kraftvolle und achtsame H\u00e4nde &#8211; Bilder in mir auf: sehr finstere und erschreckende wie auch ber\u00fchrend sch\u00f6ne und wohlige. Und immer mal wieder l\u00e4sst die SI in den K\u00f6rperzellen abgespeicherte Kindheitserinnerungen wie Konfettiregen durch meinen Geist rieseln, was mich sehr fasziniert. Nach einer SI-Sitzung bei Ashema &#8211; auch wenn ich mit Schmerzen, Verspannungen oder Blockierungen im K\u00f6rper gekommen bin &#8211; f\u00fchle ich mich physisch und psychisch immer gel\u00f6ster, geschmeidiger und sehr, sehr wohl in meiner Haut! &#8211;&nbsp;<strong>Katharina<\/strong><\/p>\n\n\n\n<p>Your feedback on my massage is very welcome.<\/p>\n","protected":false},"excerpt":{"rendered":"<p>Feedback by people who enjoyed one or several massages by me. in English Ashema is amazing. She is the most skilled and caring somatic therapist I have ever worked with. I want to her with pain in my neck and shoulders that had persisted for months despite visits to an acupuncturist, a chiropractor, and three [&hellip;]<\/p>\n","protected":false},"author":1,"featured_media":0,"parent":0,"menu_order":0,"comment_status":"closed","ping_status":"open","template":"","meta":{"footnotes":""},"yoast_head":"<!-- This site is optimized with the Yoast SEO plugin v22.6 - https:\/\/yoast.com\/wordpress\/plugins\/seo\/ -->\n<title>Testimonials | be touched Massagepraxis<\/title>\n<meta name=\"description\" content=\"Click here to read authentic feedback by people who enjoyed one or several massages by me at be touched Massagepraxis.\" \/>\n<meta name=\"robots\" content=\"index, follow, max-snippet:-1, max-image-preview:large, max-video-preview:-1\" \/>\n<link rel=\"canonical\" href=\"https:\/\/www.be-touched.de\/en\/friends\/\" \/>\n<meta name=\"twitter:label1\" content=\"Est. reading time\" \/>\n\t<meta name=\"twitter:data1\" content=\"7 minutes\" \/>\n<script type=\"application\/ld+json\" class=\"yoast-schema-graph\">{\"@context\":\"https:\/\/schema.org\",\"@graph\":[{\"@type\":\"WebPage\",\"@id\":\"https:\/\/www.be-touched.de\/en\/friends\/\",\"url\":\"https:\/\/www.be-touched.de\/en\/friends\/\",\"name\":\"Testimonials | be touched Massagepraxis\",\"isPartOf\":{\"@id\":\"https:\/\/www.be-touched.de\/de\/#website\"},\"primaryImageOfPage\":{\"@id\":\"https:\/\/www.be-touched.de\/en\/friends\/#primaryimage\"},\"image\":{\"@id\":\"https:\/\/www.be-touched.de\/en\/friends\/#primaryimage\"},\"thumbnailUrl\":\"http:\/\/www.be-touched.de\/wp-content\/uploads\/beckley_ashema11.jpg\",\"datePublished\":\"2009-03-22T00:35:00+00:00\",\"dateModified\":\"2025-01-12T10:53:12+00:00\",\"description\":\"Click here to read authentic feedback by people who enjoyed one or several massages by me at be touched Massagepraxis.\",\"breadcrumb\":{\"@id\":\"https:\/\/www.be-touched.de\/en\/friends\/#breadcrumb\"},\"inLanguage\":\"en-US\",\"potentialAction\":[{\"@type\":\"ReadAction\",\"target\":[\"https:\/\/www.be-touched.de\/en\/friends\/\"]}]},{\"@type\":\"ImageObject\",\"inLanguage\":\"en-US\",\"@id\":\"https:\/\/www.be-touched.de\/en\/friends\/#primaryimage\",\"url\":\"http:\/\/www.be-touched.de\/wp-content\/uploads\/beckley_ashema11.jpg\",\"contentUrl\":\"http:\/\/www.be-touched.de\/wp-content\/uploads\/beckley_ashema11.jpg\"},{\"@type\":\"BreadcrumbList\",\"@id\":\"https:\/\/www.be-touched.de\/en\/friends\/#breadcrumb\",\"itemListElement\":[{\"@type\":\"ListItem\",\"position\":1,\"name\":\"Home\",\"item\":\"https:\/\/www.be-touched.de\/en\/\"},{\"@type\":\"ListItem\",\"position\":2,\"name\":\"Friends\"}]},{\"@type\":\"WebSite\",\"@id\":\"https:\/\/www.be-touched.de\/de\/#website\",\"url\":\"https:\/\/www.be-touched.de\/de\/\",\"name\":\"be touched\",\"description\":\"Esalen-Massage+ by Ashema\",\"potentialAction\":[{\"@type\":\"SearchAction\",\"target\":{\"@type\":\"EntryPoint\",\"urlTemplate\":\"https:\/\/www.be-touched.de\/de\/?s={search_term_string}\"},\"query-input\":\"required name=search_term_string\"}],\"inLanguage\":\"en-US\"}]}<\/script>\n<!-- \/ Yoast SEO plugin. -->","yoast_head_json":{"title":"Testimonials | be touched Massagepraxis","description":"Click here to read authentic feedback by people who enjoyed one or several massages by me at be touched Massagepraxis.","robots":{"index":"index","follow":"follow","max-snippet":"max-snippet:-1","max-image-preview":"max-image-preview:large","max-video-preview":"max-video-preview:-1"},"canonical":"https:\/\/www.be-touched.de\/en\/friends\/","twitter_misc":{"Est. reading time":"7 minutes"},"schema":{"@context":"https:\/\/schema.org","@graph":[{"@type":"WebPage","@id":"https:\/\/www.be-touched.de\/en\/friends\/","url":"https:\/\/www.be-touched.de\/en\/friends\/","name":"Testimonials | be touched Massagepraxis","isPartOf":{"@id":"https:\/\/www.be-touched.de\/de\/#website"},"primaryImageOfPage":{"@id":"https:\/\/www.be-touched.de\/en\/friends\/#primaryimage"},"image":{"@id":"https:\/\/www.be-touched.de\/en\/friends\/#primaryimage"},"thumbnailUrl":"http:\/\/www.be-touched.de\/wp-content\/uploads\/beckley_ashema11.jpg","datePublished":"2009-03-22T00:35:00+00:00","dateModified":"2025-01-12T10:53:12+00:00","description":"Click here to read authentic feedback by people who enjoyed one or several massages by me at be touched Massagepraxis.","breadcrumb":{"@id":"https:\/\/www.be-touched.de\/en\/friends\/#breadcrumb"},"inLanguage":"en-US","potentialAction":[{"@type":"ReadAction","target":["https:\/\/www.be-touched.de\/en\/friends\/"]}]},{"@type":"ImageObject","inLanguage":"en-US","@id":"https:\/\/www.be-touched.de\/en\/friends\/#primaryimage","url":"http:\/\/www.be-touched.de\/wp-content\/uploads\/beckley_ashema11.jpg","contentUrl":"http:\/\/www.be-touched.de\/wp-content\/uploads\/beckley_ashema11.jpg"},{"@type":"BreadcrumbList","@id":"https:\/\/www.be-touched.de\/en\/friends\/#breadcrumb","itemListElement":[{"@type":"ListItem","position":1,"name":"Home","item":"https:\/\/www.be-touched.de\/en\/"},{"@type":"ListItem","position":2,"name":"Friends"}]},{"@type":"WebSite","@id":"https:\/\/www.be-touched.de\/de\/#website","url":"https:\/\/www.be-touched.de\/de\/","name":"be touched","description":"Esalen-Massage+ by Ashema","potentialAction":[{"@type":"SearchAction","target":{"@type":"EntryPoint","urlTemplate":"https:\/\/www.be-touched.de\/de\/?s={search_term_string}"},"query-input":"required name=search_term_string"}],"inLanguage":"en-US"}]}},"jetpack_sharing_enabled":true,"_links":{"self":[{"href":"https:\/\/www.be-touched.de\/en\/wp-json\/wp\/v2\/pages\/53\/"}],"collection":[{"href":"https:\/\/www.be-touched.de\/en\/wp-json\/wp\/v2\/pages\/"}],"about":[{"href":"https:\/\/www.be-touched.de\/en\/wp-json\/wp\/v2\/types\/page\/"}],"author":[{"embeddable":true,"href":"https:\/\/www.be-touched.de\/en\/wp-json\/wp\/v2\/users\/1\/"}],"replies":[{"embeddable":true,"href":"https:\/\/www.be-touched.de\/en\/wp-json\/wp\/v2\/comments\/?post=53"}],"version-history":[{"count":6,"href":"https:\/\/www.be-touched.de\/en\/wp-json\/wp\/v2\/pages\/53\/revisions\/"}],"predecessor-version":[{"id":2498,"href":"https:\/\/www.be-touched.de\/en\/wp-json\/wp\/v2\/pages\/53\/revisions\/2498\/"}],"wp:attachment":[{"href":"https:\/\/www.be-touched.de\/en\/wp-json\/wp\/v2\/media\/?parent=53"}],"curies":[{"name":"wp","href":"https:\/\/api.w.org\/{rel}","templated":true}]}}