{"id":2222,"date":"2018-03-02T13:07:45","date_gmt":"2018-03-02T12:07:45","guid":{"rendered":"http:\/\/www.be-touched.de\/?page_id=2222"},"modified":"2024-03-05T17:04:39","modified_gmt":"2024-03-05T16:04:39","slug":"esalen-massage-by-ashema","status":"publish","type":"page","link":"https:\/\/www.be-touched.de\/de\/","title":{"rendered":"Esalen-Massage+ by Ashema"},"content":{"rendered":"\t\t<div data-elementor-type=\"wp-post\" data-elementor-id=\"2222\" class=\"elementor elementor-2222\" data-elementor-post-type=\"page\">\n\t\t\t\t\t\t<section class=\"elementor-section elementor-top-section elementor-element elementor-element-53f10ab elementor-section-boxed elementor-section-height-default elementor-section-height-default\" data-id=\"53f10ab\" data-element_type=\"section\">\n\t\t\t\t\t\t<div class=\"elementor-container elementor-column-gap-default\">\n\t\t\t\t\t<div class=\"elementor-column elementor-col-100 elementor-top-column elementor-element elementor-element-770b191\" data-id=\"770b191\" data-element_type=\"column\">\n\t\t\t<div class=\"elementor-widget-wrap\">\n\t\t\t\t\t\t\t<\/div>\n\t\t<\/div>\n\t\t\t\t\t<\/div>\n\t\t<\/section>\n\t\t\t\t<section class=\"elementor-section elementor-top-section elementor-element elementor-element-8d5e321 elementor-section-boxed elementor-section-height-default elementor-section-height-default\" data-id=\"8d5e321\" data-element_type=\"section\">\n\t\t\t\t\t\t<div class=\"elementor-container elementor-column-gap-default\">\n\t\t\t\t\t<div class=\"elementor-column elementor-col-100 elementor-top-column elementor-element elementor-element-c96a3d6\" data-id=\"c96a3d6\" data-element_type=\"column\">\n\t\t\t<div class=\"elementor-widget-wrap elementor-element-populated\">\n\t\t\t\t\t\t<div class=\"elementor-element elementor-element-09abf19 elementor-widget elementor-widget-heading\" data-id=\"09abf19\" data-element_type=\"widget\" data-widget_type=\"heading.default\">\n\t\t\t\t<div class=\"elementor-widget-container\">\n\t\t\t\t\t<h2 class=\"elementor-heading-title elementor-size-default\">Willkommen bei be touched<\/h2>\t\t\t\t<\/div>\n\t\t\t\t<\/div>\n\t\t\t\t\t<\/div>\n\t\t<\/div>\n\t\t\t\t\t<\/div>\n\t\t<\/section>\n\t\t\t\t<section class=\"elementor-section elementor-top-section elementor-element elementor-element-4ee4c32 elementor-section-boxed elementor-section-height-default elementor-section-height-default\" data-id=\"4ee4c32\" data-element_type=\"section\">\n\t\t\t\t\t\t<div class=\"elementor-container elementor-column-gap-default\">\n\t\t\t\t\t<div class=\"elementor-column elementor-col-100 elementor-top-column elementor-element elementor-element-490072d\" data-id=\"490072d\" data-element_type=\"column\">\n\t\t\t<div class=\"elementor-widget-wrap elementor-element-populated\">\n\t\t\t\t\t\t<div class=\"elementor-element elementor-element-9c4bc90 elementor-widget elementor-widget-text-editor\" data-id=\"9c4bc90\" data-element_type=\"widget\" data-widget_type=\"text-editor.default\">\n\t\t\t\t<div class=\"elementor-widget-container\">\n\t\t\t\t\t\t\t\t\t<p><img fetchpriority=\"high\" decoding=\"async\" class=\" wp-image-2457 alignright\" src=\"http:\/\/www.be-touched.de\/wp-content\/uploads\/Ashema-be-touched-scaled.jpg\" alt=\"Ashema Wierowski\" width=\"370\" height=\"247\" \/>Die St\u00e4rke meiner Arbeit als Massagetherapeutin liegt zum einen in meiner Pr\u00e4senz w\u00e4hrend ich massiere. Ich lausche auf meinen eigenen sowie den K\u00f6rper der Klientin, achte auf die Atmung und reagiere auf kleine Bewegungen oder leise Seufzer. Zum anderen erfrage ich zu Beginn einer Massagesitzung das k\u00f6rperliche und sonstige Befinden des Klienten, um dann aber auch mit meiner Intuition unbewusste Verspannungen aufzudecken, gestaute Emotionen freizulegen oder vergessene Bilder wachzurufen.<\/p><p>Seit Juli 2007 habe ich meine eigene Massagepraxis in Berlin-Kreuzberg. Ausbildung:<\/p><ul><li>2004: Ausbildung in der Esalen-Massage auf Bali\/Indonesien<\/li><li>2005\u20132007: Aufenthalt am Esalen-Institut in Kalifornien\/USA zwecks<br \/>weiterer Ausbildung in der Esalen-Massage sowie Training in Shiatsu, Thaimassage und Reiki<\/li><li>2010\u20132013: Ausbildung in Somatic Integration &#8211; Tiefenbindegewebsarbeit<\/li><li><p class=\"p1\">2016: Craniosacrale Therapie 3 mit dem Upledger Institut Deutschland<\/p><\/li><li><p class=\"p1\">2020: Online-Kurs Cognitive Verhaltenstherapie bei Achology Ltd.\/Udemy<\/p><\/li><li><p class=\"p1\">2021: Online-Kurs Lebensberatung bei Achology Ltd.\/Udemy<\/p><\/li><\/ul>\t\t\t\t\t\t\t\t<\/div>\n\t\t\t\t<\/div>\n\t\t\t\t\t<\/div>\n\t\t<\/div>\n\t\t\t\t\t<\/div>\n\t\t<\/section>\n\t\t\t\t<section class=\"elementor-section elementor-top-section elementor-element elementor-element-8458022 elementor-section-boxed elementor-section-height-default elementor-section-height-default\" data-id=\"8458022\" data-element_type=\"section\">\n\t\t\t\t\t\t<div class=\"elementor-container elementor-column-gap-default\">\n\t\t\t\t\t<div class=\"elementor-column elementor-col-50 elementor-top-column elementor-element elementor-element-fa7f741\" data-id=\"fa7f741\" data-element_type=\"column\">\n\t\t\t<div class=\"elementor-widget-wrap elementor-element-populated\">\n\t\t\t\t\t\t<div class=\"elementor-element elementor-element-c2298eb elementor-position-left elementor-vertical-align-top elementor-widget elementor-widget-image-box\" data-id=\"c2298eb\" data-element_type=\"widget\" data-widget_type=\"image-box.default\">\n\t\t\t\t<div class=\"elementor-widget-container\">\n\t\t\t\t\t<div class=\"elementor-image-box-wrapper\"><figure class=\"elementor-image-box-img\"><a href=\"\/angebote\" tabindex=\"-1\"><img decoding=\"async\" width=\"468\" height=\"576\" src=\"https:\/\/www.be-touched.de\/wp-content\/uploads\/beckley_ashema7.jpg\" class=\"attachment-full size-full wp-image-2240\" alt=\"\" \/><\/a><\/figure><div class=\"elementor-image-box-content\"><h3 class=\"elementor-image-box-title\"><a href=\"\/angebote\">Angebote<\/a><\/h3><p class=\"elementor-image-box-description\">Ich biete verschiedene Massagen an, um den Bed\u00fcrfnissen und der zeitlichen Planung meiner Klienten entgegenzukommen.\n\nDetails \u00fcber die einzelnen Massagen finden sich auf der Seite \u201c<a href=\"\/angebote\">Angebote<\/a>\u201d.<\/p><\/div><\/div>\t\t\t\t<\/div>\n\t\t\t\t<\/div>\n\t\t\t\t\t<\/div>\n\t\t<\/div>\n\t\t\t\t<div class=\"elementor-column elementor-col-50 elementor-top-column elementor-element elementor-element-75953d7\" data-id=\"75953d7\" data-element_type=\"column\">\n\t\t\t<div class=\"elementor-widget-wrap elementor-element-populated\">\n\t\t\t\t\t\t<div class=\"elementor-element elementor-element-12ad444 elementor-position-left elementor-vertical-align-top elementor-widget elementor-widget-image-box\" data-id=\"12ad444\" data-element_type=\"widget\" data-widget_type=\"image-box.default\">\n\t\t\t\t<div class=\"elementor-widget-container\">\n\t\t\t\t\t<div class=\"elementor-image-box-wrapper\"><figure class=\"elementor-image-box-img\"><a href=\"\/termine\" tabindex=\"-1\"><img decoding=\"async\" width=\"451\" height=\"576\" src=\"https:\/\/www.be-touched.de\/wp-content\/uploads\/beckley_ashema10.jpg\" class=\"attachment-full size-full wp-image-2234\" alt=\"\" \/><\/a><\/figure><div class=\"elementor-image-box-content\"><h3 class=\"elementor-image-box-title\"><a href=\"\/termine\">Termine<\/a><\/h3><p class=\"elementor-image-box-description\">Massagetermine sind m\u00f6glich Montag bis Freitag nachmittags und abends sowie am Wochenende.\n\nVereinbarungen tel. unter 030 \u2013 674 696 50 oder E-Mail an <a href=\"mailto:info@be-touched.de\">info@be-touched.de<\/a>. Buche deine Massage heute.<\/p><\/div><\/div>\t\t\t\t<\/div>\n\t\t\t\t<\/div>\n\t\t\t\t\t<\/div>\n\t\t<\/div>\n\t\t\t\t\t<\/div>\n\t\t<\/section>\n\t\t\t\t<\/div>\n\t\t","protected":false},"excerpt":{"rendered":"<p>Willkommen bei be touched Die St\u00e4rke meiner Arbeit als Massagetherapeutin liegt zum einen in meiner Pr\u00e4senz w\u00e4hrend ich massiere. Ich lausche auf meinen eigenen sowie den K\u00f6rper der Klientin, achte auf die Atmung und reagiere auf kleine Bewegungen oder leise Seufzer. Zum anderen erfrage ich zu Beginn einer Massagesitzung das k\u00f6rperliche und sonstige Befinden des [&hellip;]<\/p>\n","protected":false},"author":1,"featured_media":0,"parent":0,"menu_order":0,"comment_status":"closed","ping_status":"closed","template":"","meta":{"footnotes":""},"yoast_head":"<!-- This site is optimized with the Yoast SEO plugin v22.6 - https:\/\/yoast.com\/wordpress\/plugins\/seo\/ -->\n<title>be touched | Esalen-Massage, Sometic Integration, Beratung, Massage f\u00fcr Schwangere<\/title>\n<meta name=\"description\" content=\"In Berlin - Kreuzberg. Ich biete verschiedene Formen von K\u00f6rperarbeit sowie Beratung an, um den Bed\u00fcrfnissen und der zeitlichen Planung meiner Klienten entgegenzukommen. 030 - 674 696 50\" \/>\n<meta name=\"robots\" content=\"index, follow, max-snippet:-1, max-image-preview:large, max-video-preview:-1\" \/>\n<link rel=\"canonical\" href=\"http:\/\/www.be-touched.de\/de\/\" \/>\n<meta name=\"twitter:label1\" content=\"Gesch\u00e4tzte Lesezeit\" \/>\n\t<meta name=\"twitter:data1\" content=\"2\u00a0Minuten\" \/>\n<script type=\"application\/ld+json\" class=\"yoast-schema-graph\">{\"@context\":\"https:\/\/schema.org\",\"@graph\":[{\"@type\":\"WebPage\",\"@id\":\"http:\/\/www.be-touched.de\/de\/\",\"url\":\"http:\/\/www.be-touched.de\/de\/\",\"name\":\"be touched | Esalen-Massage, Sometic Integration, Beratung, Massage f\u00fcr Schwangere\",\"isPartOf\":{\"@id\":\"https:\/\/www.be-touched.de\/de\/#website\"},\"primaryImageOfPage\":{\"@id\":\"http:\/\/www.be-touched.de\/de\/#primaryimage\"},\"image\":{\"@id\":\"http:\/\/www.be-touched.de\/de\/#primaryimage\"},\"thumbnailUrl\":\"http:\/\/www.be-touched.de\/wp-content\/uploads\/Ashema-be-touched-scaled.jpg\",\"datePublished\":\"2018-03-02T12:07:45+00:00\",\"dateModified\":\"2024-03-05T16:04:39+00:00\",\"description\":\"In Berlin - Kreuzberg. Ich biete verschiedene Formen von K\u00f6rperarbeit sowie Beratung an, um den Bed\u00fcrfnissen und der zeitlichen Planung meiner Klienten entgegenzukommen. 030 - 674 696 50\",\"breadcrumb\":{\"@id\":\"http:\/\/www.be-touched.de\/de\/#breadcrumb\"},\"inLanguage\":\"de\",\"potentialAction\":[{\"@type\":\"ReadAction\",\"target\":[\"http:\/\/www.be-touched.de\/de\/\"]}]},{\"@type\":\"ImageObject\",\"inLanguage\":\"de\",\"@id\":\"http:\/\/www.be-touched.de\/de\/#primaryimage\",\"url\":\"http:\/\/www.be-touched.de\/wp-content\/uploads\/Ashema-be-touched-scaled.jpg\",\"contentUrl\":\"http:\/\/www.be-touched.de\/wp-content\/uploads\/Ashema-be-touched-scaled.jpg\"},{\"@type\":\"BreadcrumbList\",\"@id\":\"http:\/\/www.be-touched.de\/de\/#breadcrumb\",\"itemListElement\":[{\"@type\":\"ListItem\",\"position\":1,\"name\":\"Home\",\"item\":\"http:\/\/www.be-touched.de\/de\/\"},{\"@type\":\"ListItem\",\"position\":2,\"name\":\"Esalen-Massage+ by Ashema\"}]},{\"@type\":\"WebSite\",\"@id\":\"https:\/\/www.be-touched.de\/de\/#website\",\"url\":\"https:\/\/www.be-touched.de\/de\/\",\"name\":\"be touched\",\"description\":\"Esalen-Massage+ by Ashema\",\"potentialAction\":[{\"@type\":\"SearchAction\",\"target\":{\"@type\":\"EntryPoint\",\"urlTemplate\":\"https:\/\/www.be-touched.de\/de\/?s={search_term_string}\"},\"query-input\":\"required name=search_term_string\"}],\"inLanguage\":\"de\"}]}<\/script>\n<!-- \/ Yoast SEO plugin. -->","yoast_head_json":{"title":"be touched | Esalen-Massage, Sometic Integration, Beratung, Massage f\u00fcr Schwangere","description":"In Berlin - Kreuzberg. Ich biete verschiedene Formen von K\u00f6rperarbeit sowie Beratung an, um den Bed\u00fcrfnissen und der zeitlichen Planung meiner Klienten entgegenzukommen. 030 - 674 696 50","robots":{"index":"index","follow":"follow","max-snippet":"max-snippet:-1","max-image-preview":"max-image-preview:large","max-video-preview":"max-video-preview:-1"},"canonical":"http:\/\/www.be-touched.de\/de\/","twitter_misc":{"Gesch\u00e4tzte Lesezeit":"2\u00a0Minuten"},"schema":{"@context":"https:\/\/schema.org","@graph":[{"@type":"WebPage","@id":"http:\/\/www.be-touched.de\/de\/","url":"http:\/\/www.be-touched.de\/de\/","name":"be touched | Esalen-Massage, Sometic Integration, Beratung, Massage f\u00fcr Schwangere","isPartOf":{"@id":"https:\/\/www.be-touched.de\/de\/#website"},"primaryImageOfPage":{"@id":"http:\/\/www.be-touched.de\/de\/#primaryimage"},"image":{"@id":"http:\/\/www.be-touched.de\/de\/#primaryimage"},"thumbnailUrl":"http:\/\/www.be-touched.de\/wp-content\/uploads\/Ashema-be-touched-scaled.jpg","datePublished":"2018-03-02T12:07:45+00:00","dateModified":"2024-03-05T16:04:39+00:00","description":"In Berlin - Kreuzberg. Ich biete verschiedene Formen von K\u00f6rperarbeit sowie Beratung an, um den Bed\u00fcrfnissen und der zeitlichen Planung meiner Klienten entgegenzukommen. 030 - 674 696 50","breadcrumb":{"@id":"http:\/\/www.be-touched.de\/de\/#breadcrumb"},"inLanguage":"de","potentialAction":[{"@type":"ReadAction","target":["http:\/\/www.be-touched.de\/de\/"]}]},{"@type":"ImageObject","inLanguage":"de","@id":"http:\/\/www.be-touched.de\/de\/#primaryimage","url":"http:\/\/www.be-touched.de\/wp-content\/uploads\/Ashema-be-touched-scaled.jpg","contentUrl":"http:\/\/www.be-touched.de\/wp-content\/uploads\/Ashema-be-touched-scaled.jpg"},{"@type":"BreadcrumbList","@id":"http:\/\/www.be-touched.de\/de\/#breadcrumb","itemListElement":[{"@type":"ListItem","position":1,"name":"Home","item":"http:\/\/www.be-touched.de\/de\/"},{"@type":"ListItem","position":2,"name":"Esalen-Massage+ by Ashema"}]},{"@type":"WebSite","@id":"https:\/\/www.be-touched.de\/de\/#website","url":"https:\/\/www.be-touched.de\/de\/","name":"be touched","description":"Esalen-Massage+ by Ashema","potentialAction":[{"@type":"SearchAction","target":{"@type":"EntryPoint","urlTemplate":"https:\/\/www.be-touched.de\/de\/?s={search_term_string}"},"query-input":"required name=search_term_string"}],"inLanguage":"de"}]}},"jetpack_sharing_enabled":true,"_links":{"self":[{"href":"https:\/\/www.be-touched.de\/de\/wp-json\/wp\/v2\/pages\/2222\/"}],"collection":[{"href":"https:\/\/www.be-touched.de\/de\/wp-json\/wp\/v2\/pages\/"}],"about":[{"href":"https:\/\/www.be-touched.de\/de\/wp-json\/wp\/v2\/types\/page\/"}],"author":[{"embeddable":true,"href":"https:\/\/www.be-touched.de\/de\/wp-json\/wp\/v2\/users\/1\/"}],"replies":[{"embeddable":true,"href":"https:\/\/www.be-touched.de\/de\/wp-json\/wp\/v2\/comments\/?post=2222"}],"version-history":[{"count":41,"href":"https:\/\/www.be-touched.de\/de\/wp-json\/wp\/v2\/pages\/2222\/revisions\/"}],"predecessor-version":[{"id":2464,"href":"https:\/\/www.be-touched.de\/de\/wp-json\/wp\/v2\/pages\/2222\/revisions\/2464\/"}],"wp:attachment":[{"href":"https:\/\/www.be-touched.de\/de\/wp-json\/wp\/v2\/media\/?parent=2222"}],"curies":[{"name":"wp","href":"https:\/\/api.w.org\/{rel}","templated":true}]}}