{"id":20,"date":"2009-03-21T17:00:14","date_gmt":"2009-03-21T17:00:14","guid":{"rendered":"http:\/\/betouched.archertc.com\/?page_id=20"},"modified":"2025-01-12T11:43:43","modified_gmt":"2025-01-12T10:43:43","slug":"preise","status":"publish","type":"page","link":"https:\/\/www.be-touched.de\/de\/preise\/","title":{"rendered":"Preise"},"content":{"rendered":"<div class=\"wp-block-image\">\n<figure class=\"alignright\"><img fetchpriority=\"high\" decoding=\"async\" width=\"199\" height=\"300\" src=\"http:\/\/www.be-touched.de\/wp-content\/uploads\/pixabay\/e\/massage_1405002199-199x300.jpg\" alt=\"\" class=\"wp-image-184\" srcset=\"https:\/\/www.be-touched.de\/wp-content\/uploads\/pixabay\/e\/massage_1405002199-199x300.jpg 199w, https:\/\/www.be-touched.de\/wp-content\/uploads\/pixabay\/e\/massage_1405002199.jpg 426w\" sizes=\"(max-width: 199px) 100vw, 199px\" \/><\/figure><\/div>\n\n\n<p>Ich biete verschiedene Massagen an, um den Bed\u00fcrfnissen und der zeitlichen Planung meiner Klienten entgegenzukommen. Details \u00fcber die einzelnen Massagen finden sich auf der Seite \u201c<a href=\"http:\/\/www.be-touched.de\/angebote\/\">Angebote<\/a>\u201d.<\/p>\n\n\n\n<ul>\n<li>Esalen-Massage, 90 Minuten f\u00fcr 90\u20ac<\/li>\n\n\n\n<li>Esalen-Massage, 60 Minuten f\u00fcr 70\u20ac<\/li>\n\n\n\n<li>Somatic Integration &#8211; Tiefenbindegewebsarbeit, ca. 90 Minuten f\u00fcr 90\u20ac<\/li>\n\n\n\n<li>Kontainerarbeit, ca. 90 Minuten f\u00fcr 90\u20ac<\/li>\n\n\n\n<li>CranioSakrale Techniken, ca. 60 Minuten f\u00fcr 60\u20ac<\/li>\n\n\n\n<li>Massage f\u00fcr Schwangere, 60 Minuten f\u00fcr 60\u20ac<\/li>\n\n\n\n<li>4 H\u00e4nde f\u00fcr 2 Personen, ca. 100 Minuten f\u00fcr 100\u20ac<\/li>\n<\/ul>\n","protected":false},"excerpt":{"rendered":"<p>Ich biete verschiedene Massagen an, um den Bed\u00fcrfnissen und der zeitlichen Planung meiner Klienten entgegenzukommen. Details \u00fcber die einzelnen Massagen finden sich auf der Seite \u201cAngebote\u201d.<\/p>\n","protected":false},"author":1,"featured_media":0,"parent":0,"menu_order":0,"comment_status":"closed","ping_status":"open","template":"","meta":{"footnotes":""},"yoast_head":"<!-- This site is optimized with the Yoast SEO plugin v22.6 - https:\/\/yoast.com\/wordpress\/plugins\/seo\/ -->\n<title>Preise | be touched Massagepraxis<\/title>\n<meta name=\"robots\" content=\"index, follow, max-snippet:-1, max-image-preview:large, max-video-preview:-1\" \/>\n<link rel=\"canonical\" href=\"https:\/\/www.be-touched.de\/de\/preise\/\" \/>\n<meta name=\"twitter:label1\" content=\"Gesch\u00e4tzte Lesezeit\" \/>\n\t<meta name=\"twitter:data1\" content=\"1\u00a0Minute\" \/>\n<script type=\"application\/ld+json\" class=\"yoast-schema-graph\">{\"@context\":\"https:\/\/schema.org\",\"@graph\":[{\"@type\":\"WebPage\",\"@id\":\"https:\/\/www.be-touched.de\/de\/preise\/\",\"url\":\"https:\/\/www.be-touched.de\/de\/preise\/\",\"name\":\"Preise | be touched Massagepraxis\",\"isPartOf\":{\"@id\":\"https:\/\/www.be-touched.de\/de\/#website\"},\"primaryImageOfPage\":{\"@id\":\"https:\/\/www.be-touched.de\/de\/preise\/#primaryimage\"},\"image\":{\"@id\":\"https:\/\/www.be-touched.de\/de\/preise\/#primaryimage\"},\"thumbnailUrl\":\"http:\/\/www.be-touched.de\/wp-content\/uploads\/pixabay\/e\/massage_1405002199-199x300.jpg\",\"datePublished\":\"2009-03-21T17:00:14+00:00\",\"dateModified\":\"2025-01-12T10:43:43+00:00\",\"breadcrumb\":{\"@id\":\"https:\/\/www.be-touched.de\/de\/preise\/#breadcrumb\"},\"inLanguage\":\"de\",\"potentialAction\":[{\"@type\":\"ReadAction\",\"target\":[\"https:\/\/www.be-touched.de\/de\/preise\/\"]}]},{\"@type\":\"ImageObject\",\"inLanguage\":\"de\",\"@id\":\"https:\/\/www.be-touched.de\/de\/preise\/#primaryimage\",\"url\":\"http:\/\/www.be-touched.de\/wp-content\/uploads\/pixabay\/e\/massage_1405002199-199x300.jpg\",\"contentUrl\":\"http:\/\/www.be-touched.de\/wp-content\/uploads\/pixabay\/e\/massage_1405002199-199x300.jpg\"},{\"@type\":\"BreadcrumbList\",\"@id\":\"https:\/\/www.be-touched.de\/de\/preise\/#breadcrumb\",\"itemListElement\":[{\"@type\":\"ListItem\",\"position\":1,\"name\":\"Home\",\"item\":\"https:\/\/www.be-touched.de\/de\/\"},{\"@type\":\"ListItem\",\"position\":2,\"name\":\"Preise\"}]},{\"@type\":\"WebSite\",\"@id\":\"https:\/\/www.be-touched.de\/de\/#website\",\"url\":\"https:\/\/www.be-touched.de\/de\/\",\"name\":\"be touched\",\"description\":\"Esalen-Massage+ by Ashema\",\"potentialAction\":[{\"@type\":\"SearchAction\",\"target\":{\"@type\":\"EntryPoint\",\"urlTemplate\":\"https:\/\/www.be-touched.de\/de\/?s={search_term_string}\"},\"query-input\":\"required name=search_term_string\"}],\"inLanguage\":\"de\"}]}<\/script>\n<!-- \/ Yoast SEO plugin. -->","yoast_head_json":{"title":"Preise | be touched Massagepraxis","robots":{"index":"index","follow":"follow","max-snippet":"max-snippet:-1","max-image-preview":"max-image-preview:large","max-video-preview":"max-video-preview:-1"},"canonical":"https:\/\/www.be-touched.de\/de\/preise\/","twitter_misc":{"Gesch\u00e4tzte Lesezeit":"1\u00a0Minute"},"schema":{"@context":"https:\/\/schema.org","@graph":[{"@type":"WebPage","@id":"https:\/\/www.be-touched.de\/de\/preise\/","url":"https:\/\/www.be-touched.de\/de\/preise\/","name":"Preise | be touched Massagepraxis","isPartOf":{"@id":"https:\/\/www.be-touched.de\/de\/#website"},"primaryImageOfPage":{"@id":"https:\/\/www.be-touched.de\/de\/preise\/#primaryimage"},"image":{"@id":"https:\/\/www.be-touched.de\/de\/preise\/#primaryimage"},"thumbnailUrl":"http:\/\/www.be-touched.de\/wp-content\/uploads\/pixabay\/e\/massage_1405002199-199x300.jpg","datePublished":"2009-03-21T17:00:14+00:00","dateModified":"2025-01-12T10:43:43+00:00","breadcrumb":{"@id":"https:\/\/www.be-touched.de\/de\/preise\/#breadcrumb"},"inLanguage":"de","potentialAction":[{"@type":"ReadAction","target":["https:\/\/www.be-touched.de\/de\/preise\/"]}]},{"@type":"ImageObject","inLanguage":"de","@id":"https:\/\/www.be-touched.de\/de\/preise\/#primaryimage","url":"http:\/\/www.be-touched.de\/wp-content\/uploads\/pixabay\/e\/massage_1405002199-199x300.jpg","contentUrl":"http:\/\/www.be-touched.de\/wp-content\/uploads\/pixabay\/e\/massage_1405002199-199x300.jpg"},{"@type":"BreadcrumbList","@id":"https:\/\/www.be-touched.de\/de\/preise\/#breadcrumb","itemListElement":[{"@type":"ListItem","position":1,"name":"Home","item":"https:\/\/www.be-touched.de\/de\/"},{"@type":"ListItem","position":2,"name":"Preise"}]},{"@type":"WebSite","@id":"https:\/\/www.be-touched.de\/de\/#website","url":"https:\/\/www.be-touched.de\/de\/","name":"be touched","description":"Esalen-Massage+ by Ashema","potentialAction":[{"@type":"SearchAction","target":{"@type":"EntryPoint","urlTemplate":"https:\/\/www.be-touched.de\/de\/?s={search_term_string}"},"query-input":"required name=search_term_string"}],"inLanguage":"de"}]}},"jetpack_sharing_enabled":true,"_links":{"self":[{"href":"https:\/\/www.be-touched.de\/de\/wp-json\/wp\/v2\/pages\/20\/"}],"collection":[{"href":"https:\/\/www.be-touched.de\/de\/wp-json\/wp\/v2\/pages\/"}],"about":[{"href":"https:\/\/www.be-touched.de\/de\/wp-json\/wp\/v2\/types\/page\/"}],"author":[{"embeddable":true,"href":"https:\/\/www.be-touched.de\/de\/wp-json\/wp\/v2\/users\/1\/"}],"replies":[{"embeddable":true,"href":"https:\/\/www.be-touched.de\/de\/wp-json\/wp\/v2\/comments\/?post=20"}],"version-history":[{"count":6,"href":"https:\/\/www.be-touched.de\/de\/wp-json\/wp\/v2\/pages\/20\/revisions\/"}],"predecessor-version":[{"id":2492,"href":"https:\/\/www.be-touched.de\/de\/wp-json\/wp\/v2\/pages\/20\/revisions\/2492\/"}],"wp:attachment":[{"href":"https:\/\/www.be-touched.de\/de\/wp-json\/wp\/v2\/media\/?parent=20"}],"curies":[{"name":"wp","href":"https:\/\/api.w.org\/{rel}","templated":true}]}}